{"id":10372,"date":"2024-06-08T11:16:19","date_gmt":"2024-06-08T09:16:19","guid":{"rendered":"https:\/\/prisonisland-praha.cz\/?page_id=10372"},"modified":"2024-06-17T12:03:56","modified_gmt":"2024-06-17T10:03:56","slug":"privacy-policy","status":"publish","type":"page","link":"https:\/\/prisonisland-praha.cz\/en\/privacy-policy\/","title":{"rendered":"PRIVACY POLICY"},"content":{"rendered":"\t\t<div data-elementor-type=\"wp-page\" data-elementor-id=\"10372\" class=\"elementor elementor-10372 elementor-10370\" data-elementor-post-type=\"page\">\n\t\t\t\t<div class=\"elementor-element elementor-element-572ea2b8 e-flex e-con-boxed e-con e-parent\" data-id=\"572ea2b8\" data-element_type=\"container\" data-e-type=\"container\">\n\t\t\t\t\t<div class=\"e-con-inner\">\n\t\t\t\t<div class=\"elementor-element elementor-element-d853625 elementor-widget elementor-widget-heading\" data-id=\"d853625\" data-element_type=\"widget\" data-e-type=\"widget\" data-widget_type=\"heading.default\">\n\t\t\t\t<div class=\"elementor-widget-container\">\n\t\t\t\t\t<h2 class=\"elementor-heading-title elementor-size-default\">Privacy Policy<\/h2>\t\t\t\t<\/div>\n\t\t\t\t<\/div>\n\t\t\t\t<div class=\"elementor-element elementor-element-47978a06 elementor-widget elementor-widget-text-editor\" data-id=\"47978a06\" data-element_type=\"widget\" data-e-type=\"widget\" data-widget_type=\"text-editor.default\">\n\t\t\t\t<div class=\"elementor-widget-container\">\n\t\t\t\t\t\t\t\t\tThe security of your personal data is one of our priorities. In case of problems or if you have any questions regarding the processing of your data, you can contact us by mail at the following address Prison Island Prague, Legal Department, Kolbenova 893\/39, 198 00 Praha 14-Hloub\u011bt\u00edn, Czech Republic.\r\n\r\nBy using the prisonisland-praha.cz website, you agree to the processing of your personal data as described in the following privacy policy.\r\n<h3>1. DEFINITIONS<\/h3>\r\nPersonal data: any information relating to an identified individual or identifiable natural person.\r\nProcessing: any operation or set of operations applied to personal data or a set of personal data.\r\nData subject: a natural person whose personal data is being processed.\r\nWe: represents the company Prison Island Praha\r\n<h3>2. GENERAL PRINCIPLES ABOUT THE DATA<\/h3>\r\nWe are committed to the following data protection principles:\r\n\r\nData processing is lawful, reasonable, transparent. Our data processing has a legal basis. Your rights take precedence over the processing of your personal data. We will provide you with information about the processing of your data on request.\r\nThe purpose of the processing of your data is limited. The processing of your personal data is limited to the purpose of collecting your data.\r\nThe processing is carried out with the minimum amount of data. We collect and process the minimum amount of information necessary for our purposes.\r\nThe processing is limited in time. We will not keep your data longer than necessary.\r\nWe will do our best to ensure the accuracy of your personal data.\r\nWe will do our best to ensure the integrity and confidentiality of your data.\r\n<h3>3. YOUR RIGHTS REGARDING YOUR PERSONAL DATA<\/h3>\r\nThe owner of the data has the following rights:\r\n\r\nRight to information: you have the right to know how your personal data is processed; what data is collected, how it is obtained, why and who processes it.\r\n\r\nRight of access: you have the right to access the data collected about you. This includes the right to request and obtain a copy of your personal data collected.\r\n\r\nRight of rectification: you have the right to request the rectification or deletion of your personal data if it is inaccurate or incomplete.\r\n\r\nRight of deletion: under certain circumstances, you may request that your personal data be deleted from our database.\r\n\r\nRight to limit processing: when certain conditions are met, you have the right to limit the processing of your personal data.\r\n\r\nRight to object to the processing: in certain situations, you have the right to object to the processing of your personal data, such as in the case of direct marketing.\r\n\r\nRight to object to automatic processing: you have the right to object to automatic processing, including profiling. You may exercise this right whenever profiling results in legal effects concerning you or significantly affecting you.\r\n\r\nRight to data portability: you have the right to obtain your personal data in \u201cmachine-readable\u201d format, i.e. in the form of a computer file.\r\n\r\nRight of complaint: in the event that we refuse your request for access to your personal data, we will provide you with a reason for such refusal. If you are not satisfied with the way your request has been handled, please contact us.\r\n\r\nRight to the assistance of a supervisory authority: you have the right to be assisted by a supervisory authority and the right to other legal remedies such as claims for damages.\r\n\r\nRight to withdraw consent: you have the right to withdraw your consent to the processing of your personal data.\r\n<h3>4. WHAT PERSONAL DATA WE COLLECT<\/h3>\r\nThe information you have given us\r\n\r\nThis may include your e-mail, first name, billing address, etc: any information necessary to provide our products and\/or services or to improve your user experience on the site.\r\n\r\nWe record the information you provide to us in order to leave comments or access other activities on our site. This information only concerns your first name and e-mail address.\r\n\r\nInformation automatically collected This includes information that is automatically stored by cookies and other session tools. This information is used to improve your experience using our site, for example, to identify you.\r\n\r\nTo view the list of cookies used on our site,\u00a0<a class=\"blk\" href=\"https:\/\/prisonisland-praha.cz\/en\/privacy-policy\/#tarteaucitron\">click here<\/a>.\r\n\r\nPublicly Available Information We may collect information about you when you share it publicly (e.g., social network profiles).\r\n<h3>5. HOW WE USE YOUR PERSONAL INFORMATION<\/h3>\r\nto offer you our services:\r\n\r\nWhen you subscribe to a form giving you access to a document to download, you indicate your first name and your e-mail address.\r\nYou also agree to receive our newsletter as well as our product\/service offers.\r\nWe may also use your contact information to communicate and interact with you and to notify you of any changes to our services.\r\nThis information is stored in a autoresponder; we use the MailChimp autoresponder.\r\nYou can unsubscribe from these mailings at any time by clicking on the \u201cunsubscribe\u201d link, which you will find at the bottom of each e-mail.\r\nImprove your user experience;\r\n\r\nMeet legal or contractual obligations:\r\n\r\nWe process your personal data in order to meet legal obligations regarding the processing of personal data.\r\nWe reserve the right to anonymize the personal data collected.\r\nWe retain your billing information and any other information collected as long as necessary to meet accounting or other legal obligations, but no longer than 3 years.\r\nWe will inform you of any further processing of your data if this should take place.\r\n<h3>6. WHO HAS ACCESS TO YOUR PERSONAL DATA?<\/h3>\r\nWe do not share your personal data with third parties.\r\nThe use of your personal data is strictly reserved to the crossfit-nimes.com website.\r\n<h3>7. HOW DO WE SECURE YOUR PERSONAL DATA?<\/h3>\r\nWe do our best to ensure the security of your personal data.\r\nWe use secure communication and data transfer protocols (such as HTTPS).\r\nWe prefer anonymization and the use of pseudonyms whenever possible.\r\nWe monitor our system to prevent security attacks.\r\nDespite our best efforts, we are not immune to security breaches.\r\nIn this case, we undertake to notify the competent authorities, namely the UOOU, within 72 hours of the attack affecting your personal data.\r\nWe will also warn you if there is a threat to your rights or interests.\r\nWe would then do our utmost to avoid security breaches and to assist the authorities if a breach were to occur.\r\nIf you have an account with us, please note that you must keep your login name and password secret.\r\n<h3>8. CONTACT INFORMATION<\/h3>\r\nControl authority: UOOU\r\n\u00da\u0159ad pro ochranu osobn\u00edch \u00fadaj\u016f\r\nPplk. Sochora 27\r\n170 00 Praha 7\r\nTel: +420 234 665 111\r\n\r\nTo retrieve, delete your data or for any other question related to the management of your personal data you can send your request by mail to the following address: Prison Island Prague, Legal Department, Kolbenova 893\/39, 198 00 Praha 14-Hloub\u011bt\u00edn, Czech Republic.\t\t\t\t\t\t\t\t<\/div>\n\t\t\t\t<\/div>\n\t\t\t\t\t<\/div>\n\t\t\t\t<\/div>\n\t\t\t\t<\/div>\n\t\t","protected":false},"excerpt":{"rendered":"<p>Privacy Policy The security of your personal data is one of our priorities. In case of problems or if you have any questions regarding the processing of your data, you can contact us by mail at the following address Prison Island Prague, Legal Department, Kolbenova 893\/39, 198 00 Praha 14-Hloub\u011bt\u00edn, Czech Republic. By using the [&hellip;]<\/p>\n","protected":false},"author":6,"featured_media":0,"parent":0,"menu_order":0,"comment_status":"closed","ping_status":"closed","template":"","meta":{"_acf_changed":false,"inline_featured_image":false,"footnotes":""},"class_list":["post-10372","page","type-page","status-publish","hentry"],"acf":[],"_links":{"self":[{"href":"https:\/\/prisonisland-praha.cz\/en\/wp-json\/wp\/v2\/pages\/10372","targetHints":{"allow":["GET"]}}],"collection":[{"href":"https:\/\/prisonisland-praha.cz\/en\/wp-json\/wp\/v2\/pages"}],"about":[{"href":"https:\/\/prisonisland-praha.cz\/en\/wp-json\/wp\/v2\/types\/page"}],"author":[{"embeddable":true,"href":"https:\/\/prisonisland-praha.cz\/en\/wp-json\/wp\/v2\/users\/6"}],"replies":[{"embeddable":true,"href":"https:\/\/prisonisland-praha.cz\/en\/wp-json\/wp\/v2\/comments?post=10372"}],"version-history":[{"count":7,"href":"https:\/\/prisonisland-praha.cz\/en\/wp-json\/wp\/v2\/pages\/10372\/revisions"}],"predecessor-version":[{"id":10673,"href":"https:\/\/prisonisland-praha.cz\/en\/wp-json\/wp\/v2\/pages\/10372\/revisions\/10673"}],"wp:attachment":[{"href":"https:\/\/prisonisland-praha.cz\/en\/wp-json\/wp\/v2\/media?parent=10372"}],"curies":[{"name":"wp","href":"https:\/\/api.w.org\/{rel}","templated":true}]}}