{"id":10374,"date":"2024-06-08T11:17:27","date_gmt":"2024-06-08T09:17:27","guid":{"rendered":"https:\/\/prisonisland-praha.cz\/?page_id=10374"},"modified":"2026-01-29T16:30:02","modified_gmt":"2026-01-29T15:30:02","slug":"legal-notice","status":"publish","type":"page","link":"https:\/\/prisonisland-praha.cz\/en\/legal-notice\/","title":{"rendered":"Legal notice"},"content":{"rendered":"\t\t<div data-elementor-type=\"wp-page\" data-elementor-id=\"10374\" class=\"elementor elementor-10374\" data-elementor-post-type=\"page\">\n\t\t\t\t<div class=\"elementor-element elementor-element-ba81ac8 e-flex e-con-boxed e-con e-parent\" data-id=\"ba81ac8\" data-element_type=\"container\" data-e-type=\"container\">\n\t\t\t\t\t<div class=\"e-con-inner\">\n\t\t<div class=\"elementor-element elementor-element-0d466cd e-con-full e-flex e-con e-child\" data-id=\"0d466cd\" data-element_type=\"container\" data-e-type=\"container\">\n\t\t\t\t<div class=\"elementor-element elementor-element-29418a1 elementor-widget elementor-widget-text-editor\" data-id=\"29418a1\" data-element_type=\"widget\" data-e-type=\"widget\" data-widget_type=\"text-editor.default\">\n\t\t\t\t<div class=\"elementor-widget-container\">\n\t\t\t\t\t\t\t\t\t<h4><strong>Website owner<\/strong><\/h4><p>Prison Island Praha<br \/>Kolbenova 893\/39<br \/>Praha<\/p><p>T\u00e9l. <a class=\"def\" href=\"tel:\/\/00420771156848\">771 156 848<\/a><\/p>\t\t\t\t\t\t\t\t<\/div>\n\t\t\t\t<\/div>\n\t\t\t\t<\/div>\n\t\t<div class=\"elementor-element elementor-element-5691cbc e-con-full e-flex e-con e-child\" data-id=\"5691cbc\" data-element_type=\"container\" data-e-type=\"container\">\n\t\t\t\t<div class=\"elementor-element elementor-element-6aa57cd elementor-widget elementor-widget-text-editor\" data-id=\"6aa57cd\" data-element_type=\"widget\" data-e-type=\"widget\" data-widget_type=\"text-editor.default\">\n\t\t\t\t<div class=\"elementor-widget-container\">\n\t\t\t\t\t\t\t\t\t<h4><strong>Publication responsible<\/strong><\/h4><p>Prison Island Praha<br \/>Kolbenova 893\/39<br \/>Praha<\/p><p>T\u00e9l. <a class=\"def\" href=\"tel:\/\/00420771156848\">771 156 848<\/a><\/p>\t\t\t\t\t\t\t\t<\/div>\n\t\t\t\t<\/div>\n\t\t\t\t<\/div>\n\t\t<div class=\"elementor-element elementor-element-cda2fc0 e-con-full e-flex e-con e-child\" data-id=\"cda2fc0\" data-element_type=\"container\" data-e-type=\"container\">\n\t\t\t\t<div class=\"elementor-element elementor-element-9f08db2 elementor-widget elementor-widget-text-editor\" data-id=\"9f08db2\" data-element_type=\"widget\" data-e-type=\"widget\" data-widget_type=\"text-editor.default\">\n\t\t\t\t<div class=\"elementor-widget-container\">\n\t\t\t\t\t\t\t\t\t<h4><strong>Web Agency \/ Hoster<\/strong><\/h4><p>MKT Hup s.r.o. <br \/>Soukenick\u00e1 1084\/2<br \/>Nov\u00e9 M\u011bsto (Praha 1), 110 00<\/p><p><a href=\"https:\/\/marketinghup.com\/\">marketinghup.com<\/a><\/p>\t\t\t\t\t\t\t\t<\/div>\n\t\t\t\t<\/div>\n\t\t\t\t<\/div>\n\t\t\t\t\t<\/div>\n\t\t\t\t<\/div>\n\t\t<div class=\"elementor-element elementor-element-6fd42c7 e-flex e-con-boxed e-con e-parent\" data-id=\"6fd42c7\" data-element_type=\"container\" data-e-type=\"container\">\n\t\t\t\t\t<div class=\"e-con-inner\">\n\t\t\t\t<div class=\"elementor-element elementor-element-72edf91 elementor-widget elementor-widget-text-editor\" data-id=\"72edf91\" data-element_type=\"widget\" data-e-type=\"widget\" data-widget_type=\"text-editor.default\">\n\t\t\t\t<div class=\"elementor-widget-container\">\n\t\t\t\t\t\t\t\t\t<p>Prison Island is a limited liability company (SARL), registered in the N\u00eemes Trade and Companies Register under number: 844 650 473 with a share capital of \u20ac15,000.00.<\/p>\t\t\t\t\t\t\t\t<\/div>\n\t\t\t\t<\/div>\n\t\t\t\t\t<\/div>\n\t\t\t\t<\/div>\n\t\t\t\t<\/div>\n\t\t","protected":false},"excerpt":{"rendered":"<p>Website owner Prison Island PrahaKolbenova 893\/39Praha T\u00e9l. 771 156 848 Publication responsible Prison Island PrahaKolbenova 893\/39Praha T\u00e9l. 771 156 848 Web Agency \/ Hoster MKT Hup s.r.o. Soukenick\u00e1 1084\/2Nov\u00e9 M\u011bsto (Praha 1), 110 00 marketinghup.com Prison Island is a limited liability company (SARL), registered in the N\u00eemes Trade and Companies Register under number: 844 650 [&hellip;]<\/p>\n","protected":false},"author":6,"featured_media":0,"parent":0,"menu_order":0,"comment_status":"closed","ping_status":"closed","template":"","meta":{"_acf_changed":false,"inline_featured_image":false,"footnotes":""},"class_list":["post-10374","page","type-page","status-publish","hentry"],"acf":[],"_links":{"self":[{"href":"https:\/\/prisonisland-praha.cz\/en\/wp-json\/wp\/v2\/pages\/10374","targetHints":{"allow":["GET"]}}],"collection":[{"href":"https:\/\/prisonisland-praha.cz\/en\/wp-json\/wp\/v2\/pages"}],"about":[{"href":"https:\/\/prisonisland-praha.cz\/en\/wp-json\/wp\/v2\/types\/page"}],"author":[{"embeddable":true,"href":"https:\/\/prisonisland-praha.cz\/en\/wp-json\/wp\/v2\/users\/6"}],"replies":[{"embeddable":true,"href":"https:\/\/prisonisland-praha.cz\/en\/wp-json\/wp\/v2\/comments?post=10374"}],"version-history":[{"count":7,"href":"https:\/\/prisonisland-praha.cz\/en\/wp-json\/wp\/v2\/pages\/10374\/revisions"}],"predecessor-version":[{"id":13413,"href":"https:\/\/prisonisland-praha.cz\/en\/wp-json\/wp\/v2\/pages\/10374\/revisions\/13413"}],"wp:attachment":[{"href":"https:\/\/prisonisland-praha.cz\/en\/wp-json\/wp\/v2\/media?parent=10374"}],"curies":[{"name":"wp","href":"https:\/\/api.w.org\/{rel}","templated":true}]}}